{"id":8976,"date":"2020-04-14T16:13:27","date_gmt":"2020-04-14T13:13:27","guid":{"rendered":"http:\/\/www.ymsmakina.com.tr\/product\/8w-5093-celik\/"},"modified":"2020-04-14T16:33:04","modified_gmt":"2020-04-14T13:33:04","slug":"8w-5093-celik","status":"publish","type":"product","link":"https:\/\/www.ymsmakina.com.tr\/en\/product\/8w-5093-celik\/","title":{"rendered":"8W-5093-\u00c7EL\u0130K"},"content":{"rendered":"","protected":false},"excerpt":{"rendered":"<p><b>Caterpillar 8W 5093 \u00c7EL\u0130K<\/b><br \/>MACHINERY: 12G-120G-130-G-140G<br \/>WEIGHT: 0<br \/>DESCRIPTION: PINION<\/p>","protected":false},"featured_media":3785,"comment_status":"closed","ping_status":"closed","template":"","meta":[],"_links":{"self":[{"href":"https:\/\/www.ymsmakina.com.tr\/en\/wp-json\/wp\/v2\/product\/8976"}],"collection":[{"href":"https:\/\/www.ymsmakina.com.tr\/en\/wp-json\/wp\/v2\/product"}],"about":[{"href":"https:\/\/www.ymsmakina.com.tr\/en\/wp-json\/wp\/v2\/types\/product"}],"replies":[{"embeddable":true,"href":"https:\/\/www.ymsmakina.com.tr\/en\/wp-json\/wp\/v2\/comments?post=8976"}],"wp:featuredmedia":[{"embeddable":true,"href":"https:\/\/www.ymsmakina.com.tr\/en\/wp-json\/wp\/v2\/media\/3785"}],"wp:attachment":[{"href":"https:\/\/www.ymsmakina.com.tr\/en\/wp-json\/wp\/v2\/media?parent=8976"}],"curies":[{"name":"wp","href":"https:\/\/api.w.org\/{rel}","templated":true}]}}